{"id":8650,"date":"2026-02-08T23:53:50","date_gmt":"2026-02-08T23:53:50","guid":{"rendered":"https:\/\/theycraft.com\/?post_type=product&#038;p=8650"},"modified":"2026-04-03T00:36:41","modified_gmt":"2026-04-03T00:36:41","slug":"40-2-all-purpose-thread-5000-yards","status":"publish","type":"product","link":"https:\/\/theycraft.com\/fr\/produit\/40-2-all-purpose-thread-5000-yards\/","title":{"rendered":"Fil \u00e0 coudre 40\/2 - Tout usage - 5000 yards"},"content":{"rendered":"<p data-start=\"243\" data-end=\"530\">Le fil \u00e0 coudre polyvalent 40\/2 est con\u00e7u pour offrir des performances constantes aussi bien sur les machines \u00e0 coudre domestiques qu'industrielles. Adapt\u00e9 \u00e0 une grande vari\u00e9t\u00e9 de tissus, il offre un bon \u00e9quilibre entre r\u00e9sistance et fluidit\u00e9 de couture, ce qui contribue \u00e0 r\u00e9duire les cassures de fil pendant la couture.<\/p>\n<p data-start=\"532\" data-end=\"839\">Le fil de titre 40\/2 offre une \u00e9paisseur moyenne, ce qui le rend id\u00e9al pour les coutures g\u00e9n\u00e9rales, les ourlets et les travaux de confection de base sur les v\u00eatements, les uniformes et les produits textiles. Le grand c\u00f4ne de 5 000 yards est parfait pour les ateliers, les tailleurs, les usines et les utilisations fr\u00e9quentes, car il \u00e9vite d'avoir \u00e0 changer de fil sans cesse.<\/p>\n<p data-start=\"841\" data-end=\"1015\">Ce fil passe sans encombre dans la machine, permet d'obtenir des points nets et r\u00e9guliers, et convient au coton, au polyester, aux tissus m\u00e9lang\u00e9s ainsi qu'aux tissus l\u00e9gers \u00e0 moyennement \u00e9pais.<\/p>\n<p data-start=\"1017\" data-end=\"1033\"><strong data-start=\"1017\" data-end=\"1033\">Principales caract\u00e9ristiques<\/strong><\/p>\n<ul data-start=\"1034\" data-end=\"1241\">\n<li data-start=\"1034\" data-end=\"1048\">\n<p data-start=\"1036\" data-end=\"1048\">Taille : 40\/2 \/ Poids : 100 grammes<\/p>\n<\/li>\n<li data-start=\"1049\" data-end=\"1076\">\n<p data-start=\"1051\" data-end=\"1076\">Longueur : bobine de 5 000 yards (4 572 m\u00e8tres)<\/p>\n<\/li>\n<li data-start=\"1077\" data-end=\"1099\">\n<p data-start=\"1079\" data-end=\"1099\">Solide et r\u00e9sistant<\/p>\n<\/li>\n<li data-start=\"1100\" data-end=\"1123\">\n<p data-start=\"1102\" data-end=\"1123\">Doux et ne peluche pas<\/p>\n<\/li>\n<li data-start=\"1124\" data-end=\"1153\">\n<p data-start=\"1126\" data-end=\"1153\">Convient \u00e0 la plupart des tissus<\/p>\n<\/li>\n<li data-start=\"1154\" data-end=\"1197\">\n<p data-start=\"1156\" data-end=\"1197\">Compatible avec les machines \u00e0 usage domestique et industriel<\/p>\n<\/li>\n<li data-start=\"1198\" data-end=\"1241\">\n<p data-start=\"1200\" data-end=\"1241\">Id\u00e9al pour la couture quotidienne et la production<\/p>\n<\/li>\n<\/ul>","protected":false},"excerpt":{"rendered":"<p>Livr\u00e9 en gros c\u00f4ne de 5 000 yards, il convient \u00e0 la couture quotidienne, aux retouches et \u00e0 la confection de v\u00eatements en g\u00e9n\u00e9ral.<\/p>","protected":false},"featured_media":8681,"comment_status":"open","ping_status":"closed","template":"","meta":{"site-sidebar-layout":"default","site-content-layout":"","ast-site-content-layout":"default","site-content-style":"default","site-sidebar-style":"default","ast-global-header-display":"","ast-banner-title-visibility":"","ast-main-header-display":"","ast-hfb-above-header-display":"","ast-hfb-below-header-display":"","ast-hfb-mobile-header-display":"","site-post-title":"","ast-breadcrumbs-content":"","ast-featured-img":"","footer-sml-layout":"","ast-disable-related-posts":"","theme-transparent-header-meta":"default","adv-header-id-meta":"","stick-header-meta":"","header-above-stick-meta":"","header-main-stick-meta":"","header-below-stick-meta":"","astra-migrate-meta-layouts":"set","ast-page-background-enabled":"default","ast-page-background-meta":{"desktop":{"background-color":"","background-image":"","background-repeat":"repeat","background-position":"center center","background-size":"auto","background-attachment":"scroll","background-type":"","background-media":"","overlay-type":"","overlay-color":"","overlay-opacity":"","overlay-gradient":""},"tablet":{"background-color":"","background-image":"","background-repeat":"repeat","background-position":"center center","background-size":"auto","background-attachment":"scroll","background-type":"","background-media":"","overlay-type":"","overlay-color":"","overlay-opacity":"","overlay-gradient":""},"mobile":{"background-color":"","background-image":"","background-repeat":"repeat","background-position":"center center","background-size":"auto","background-attachment":"scroll","background-type":"","background-media":"","overlay-type":"","overlay-color":"","overlay-opacity":"","overlay-gradient":""}},"ast-content-background-meta":{"desktop":{"background-color":"var(--ast-global-color-5)","background-image":"","background-repeat":"repeat","background-position":"center center","background-size":"auto","background-attachment":"scroll","background-type":"","background-media":"","overlay-type":"","overlay-color":"","overlay-opacity":"","overlay-gradient":""},"tablet":{"background-color":"var(--ast-global-color-5)","background-image":"","background-repeat":"repeat","background-position":"center center","background-size":"auto","background-attachment":"scroll","background-type":"","background-media":"","overlay-type":"","overlay-color":"","overlay-opacity":"","overlay-gradient":""},"mobile":{"background-color":"var(--ast-global-color-5)","background-image":"","background-repeat":"repeat","background-position":"center center","background-size":"auto","background-attachment":"scroll","background-type":"","background-media":"","overlay-type":"","overlay-color":"","overlay-opacity":"","overlay-gradient":""}},"advanced_seo_description":"","jetpack_seo_html_title":"","jetpack_seo_noindex":false},"product_brand":[],"product_cat":[19],"product_tag":[156,285,157,162,159,161,286,158,48,163,54,160],"class_list":{"0":"post-8650","1":"product","2":"type-product","3":"status-publish","4":"has-post-thumbnail","6":"product_cat-threads","7":"product_tag-40-2-thread","8":"product_tag-5000-yards","9":"product_tag-all-purpose-thread","10":"product_tag-cone-thread","11":"product_tag-garment-production","12":"product_tag-industrial-sewing","13":"product_tag-meter","14":"product_tag-polyester-thread","15":"product_tag-sewing-accessories","16":"product_tag-sewing-thread","17":"product_tag-tailoring-supplies","18":"product_tag-textile-thread","19":"desktop-align-center","20":"tablet-align-center","21":"mobile-align-center","23":"first","24":"instock","25":"featured","26":"taxable","27":"shipping-taxable","28":"purchasable","29":"product-type-variable"},"jetpack_sharing_enabled":true,"_links":{"self":[{"href":"https:\/\/theycraft.com\/fr\/wp-json\/wp\/v2\/product\/8650","targetHints":{"allow":["GET"]}}],"collection":[{"href":"https:\/\/theycraft.com\/fr\/wp-json\/wp\/v2\/product"}],"about":[{"href":"https:\/\/theycraft.com\/fr\/wp-json\/wp\/v2\/types\/product"}],"replies":[{"embeddable":true,"href":"https:\/\/theycraft.com\/fr\/wp-json\/wp\/v2\/comments?post=8650"}],"wp:featuredmedia":[{"embeddable":true,"href":"https:\/\/theycraft.com\/fr\/wp-json\/wp\/v2\/media\/8681"}],"wp:attachment":[{"href":"https:\/\/theycraft.com\/fr\/wp-json\/wp\/v2\/media?parent=8650"}],"wp:term":[{"taxonomy":"product_brand","embeddable":true,"href":"https:\/\/theycraft.com\/fr\/wp-json\/wp\/v2\/product_brand?post=8650"},{"taxonomy":"product_cat","embeddable":true,"href":"https:\/\/theycraft.com\/fr\/wp-json\/wp\/v2\/product_cat?post=8650"},{"taxonomy":"product_tag","embeddable":true,"href":"https:\/\/theycraft.com\/fr\/wp-json\/wp\/v2\/product_tag?post=8650"}],"curies":[{"name":"wp","href":"https:\/\/api.w.org\/{rel}","templated":true}]}}